{"id":16,"date":"2017-09-12T19:54:15","date_gmt":"2017-09-12T19:54:15","guid":{"rendered":"http:\/\/piscine-exercice-readaptation.ca\/wp\/?page_id=16"},"modified":"2026-03-11T11:52:04","modified_gmt":"2026-03-11T11:52:04","slug":"accueil","status":"publish","type":"page","link":"https:\/\/piscine-exercice-readaptation.ca\/wp\/","title":{"rendered":"Accueil"},"content":{"rendered":"<p>[vc_row][vc_column width=\u00a0\u00bb1\/2&Prime; css=\u00a0\u00bb.vc_custom_1506019856600{background-position: 0 0 !important;background-repeat: no-repeat !important;}\u00a0\u00bb][vc_column_text]<\/p>\n<h1>Bienvenue<br \/>\nsur le site des services<br \/>\nAqua-Sant\u00e9-Plus<\/h1>\n<p>Les Services Aqua-Sant\u00e9-Plus, situ\u00e9s \u00e0 Vimont &#8211; Laval, offrent des programmes sp\u00e9cialis\u00e9s d&rsquo;aquaforme pour tout ce qui concerne les maux de dos, douleurs articulaires et musculaires et de r\u00e9adaptation pour adultes tel nos programmes d&rsquo;Aqua Dos et Aqua Action, dans une <strong>piscine \u00e0 l&rsquo;eau sal\u00e9e<\/strong> <strong>chauff\u00e9e<\/strong> entre 92\u00ba\u00a0F et 94\u00ba\u00a0F.<\/p>\n<div class=\"title-h4\"><\/div>\n<p>[\/vc_column_text][\/vc_column][vc_column width=\u00a0\u00bb1\/2&Prime; css=\u00a0\u00bb.vc_custom_1506019947439{background-position: center !important;background-repeat: no-repeat !important;background-size: cover !important;}\u00a0\u00bb]<div class=\"centered-box gem-image-centered-box\"><div class=\"gem-image gem-wrapbox gem-wrapbox-style-default gem-wrapbox-position-centered\" style=\"width: 200px;\"><div class=\"gem-wrapbox-inner \" ><img class=\"gem-wrapbox-element img-responsive\" src=\"https:\/\/piscine-exercice-readaptation.ca\/wp\/wp-content\/uploads\/2017\/09\/eau_piscine_chauffe.png\" alt=\"\"\/><\/div><\/div><\/div>[\/vc_column][\/vc_row][vc_row content_placement=\u00a0\u00bbmiddle\u00a0\u00bb][vc_column css=\u00a0\u00bb.vc_custom_1506020396973{border-top-width: 1px !important;border-right-width: 1px !important;border-bottom-width: 1px !important;border-left-width: 1px !important;padding-top: 5px !important;padding-right: 5px !important;padding-bottom: 5px !important;padding-left: 5px !important;background-color: #0099cc !important;border-left-color: #ffffff !important;border-left-style: dashed !important;border-right-color: #ffffff !important;border-right-style: dashed !important;border-top-color: #ffffff !important;border-top-style: dashed !important;border-bottom-color: #ffffff !important;border-bottom-style: dashed !important;border-radius: 1px !important;}\u00a0\u00bb][vc_column_text]<\/p>\n<h3 style=\"text-align: center;\">INSCRIPTIONS EN TOUT TEMPS<\/h3>\n<p>[\/vc_column_text][\/vc_column][\/vc_row][vc_row][vc_column][vc_row_inner css=\u00a0\u00bb.vc_custom_1506103952606{background-position: center !important;background-repeat: no-repeat !important;background-size: cover !important;}\u00a0\u00bb][vc_column_inner width=\u00a0\u00bb1\/3&Prime; css=\u00a0\u00bb.vc_custom_1655561945462{margin-top: 10px !important;margin-right: 0px !important;margin-bottom: 10px !important;margin-left: 0px !important;border-top-width: 1px !important;border-right-width: 1px !important;border-bottom-width: 1px !important;border-left-width: 1px !important;padding-top: 10px !important;padding-right: 10px !important;padding-bottom: 10px !important;padding-left: 10px !important;border-left-color: #0099cc !important;border-left-style: solid !important;border-right-color: #0099cc !important;border-right-style: solid !important;border-top-color: #0099cc !important;border-top-style: solid !important;border-bottom-color: #0099cc !important;border-bottom-style: solid !important;border-radius: 1px !important;}\u00a0\u00bb]<div class=\"centered-box\"><div class=\"gem-icon gem-icon-pack-fontawesome gem-icon-size-small  gem-icon-shape-circle\" style=\"border-color: #e2b434;margin-bottom: 10px;opacity: 1;\"><div class=\"gem-icon-inner\" style=\"background-color: #e2b434;\"><span class=\"gem-icon-half-1\" style=\"color: #ffffff;\"><span class=\"back-angle\">&#xf043;<\/span><\/span><span class=\"gem-icon-half-2\" style=\"color: #ffffff;\"><span class=\"back-angle\">&#xf043;<\/span><\/span><\/div><\/div><\/div>[vc_column_text css=\u00a0\u00bb.vc_custom_1655565503766{background-color: #ffffff !important;}\u00a0\u00bb]<\/p>\n<h2 style=\"text-align: center;\"><a href=\"http:\/\/piscine-natation-enfant.ca\">Le royaume des bambins<\/a><\/h2>\n<p style=\"text-align: center;\">Programmes en piscine pour b\u00e9b\u00e9s, enfants et adolescents. Aqua-bougeotte (6 mois \u00e0 5 ans) et natation junior (5 ans \u00e0 15 ans).<\/p>\n<p>[\/vc_column_text][\/vc_column_inner][vc_column_inner width=\u00a0\u00bb1\/3&Prime; css=\u00a0\u00bb.vc_custom_1655561889763{margin-top: 10px !important;margin-right: 10px !important;margin-bottom: 10px !important;margin-left: 10px !important;border-top-width: 1px !important;border-right-width: 1px !important;border-bottom-width: 1px !important;border-left-width: 1px !important;padding-top: 10px !important;padding-right: 10px !important;padding-bottom: 10px !important;padding-left: 10px !important;border-left-color: #0099cc !important;border-left-style: solid !important;border-right-color: #0099cc !important;border-right-style: solid !important;border-top-color: #0099cc !important;border-top-style: solid !important;border-bottom-color: #0099cc !important;border-bottom-style: solid !important;border-radius: 1px !important;}\u00a0\u00bb]<div class=\"centered-box\"><div class=\"gem-icon gem-icon-pack-fontawesome gem-icon-size-small  gem-icon-shape-circle\" style=\"border-color: #e2b434;margin-bottom: 10px;opacity: 1;\"><div class=\"gem-icon-inner\" style=\"background-color: #e2b434;\"><span class=\"gem-icon-half-1\" style=\"color: #ffffff;\"><span class=\"back-angle\">&#xf043;<\/span><\/span><span class=\"gem-icon-half-2\" style=\"color: #ffffff;\"><span class=\"back-angle\">&#xf043;<\/span><\/span><\/div><\/div><\/div>[vc_column_text css=\u00a0\u00bb.vc_custom_1506105010355{background-color: #ffffff !important;}\u00a0\u00bb]<\/p>\n<h2 style=\"text-align: center;\"><a href=\"http:\/\/piscine-exercice-readaptation.ca\/wp\/programmes\/\">Aqua Dos<\/a><\/h2>\n<p style=\"text-align: center;\">Un ensemble d&rsquo;exercices pour le soulagement des douleurs musculaires, articulaires, li\u00e9 \u00e0 la fibromyalgie, au diab\u00e8te, maux de dos, arthrite, arthrose, etc.<\/p>\n<p>[\/vc_column_text][\/vc_column_inner][vc_column_inner width=\u00a0\u00bb1\/3&Prime; css=\u00a0\u00bb.vc_custom_1655561959358{margin-top: 10px !important;margin-right: 00px !important;margin-bottom: 10px !important;margin-left: 0px !important;border-top-width: 1px !important;border-right-width: 1px !important;border-bottom-width: 1px !important;border-left-width: 1px !important;padding-top: 10px !important;padding-right: 10px !important;padding-bottom: 10px !important;padding-left: 10px !important;border-left-color: #0099cc !important;border-left-style: solid !important;border-right-color: #0099cc !important;border-right-style: solid !important;border-top-color: #0099cc !important;border-top-style: solid !important;border-bottom-color: #0099cc !important;border-bottom-style: solid !important;border-radius: 1px !important;}\u00a0\u00bb]<div class=\"centered-box\"><div class=\"gem-icon gem-icon-pack-fontawesome gem-icon-size-small  gem-icon-shape-circle\" style=\"border-color: #e2b434;margin-bottom: 10px;opacity: 1;\"><div class=\"gem-icon-inner\" style=\"background-color: #e2b434;\"><span class=\"gem-icon-half-1\" style=\"color: #ffffff;\"><span class=\"back-angle\">&#xf043;<\/span><\/span><span class=\"gem-icon-half-2\" style=\"color: #ffffff;\"><span class=\"back-angle\">&#xf043;<\/span><\/span><\/div><\/div><\/div>[vc_column_text css=\u00a0\u00bb.vc_custom_1506105032225{background-color: #ffffff !important;}\u00a0\u00bb]<\/p>\n<h2 style=\"text-align: center;\"><a href=\"http:\/\/piscine-exercice-readaptation.ca\/wp\/programmes\/\">Aqua Action (Mixte)<\/a><\/h2>\n<p style=\"text-align: center;\">Con\u00e7u pour la mise en forme et la perte de poids, celui-ci est compl\u00e9mentaire \u00e0 tous les programmes d&rsquo;amaigrissement.<\/p>\n<p>[\/vc_column_text][\/vc_column_inner][\/vc_row_inner][vc_row_inner][vc_column_inner][vc_column_text]<\/p>\n<h2 style=\"text-align: center;\">Session printemps<\/h2>\n<h5 style=\"text-align: center;\"><b>AQUA DOS: <\/b><\/h5>\n<div style=\"text-align: center;\">D\u00e9but le 2 avril 2026,<\/div>\n<div style=\"text-align: center;\">LUNDI ET JEUDI\u00a0 18 h00<br \/>\nMARDI ET JEUDI 10h00<\/div>\n<div style=\"text-align: center;\">90 MIN DE COURS,\u00a0 12\u00a0 SEMAINES<\/div>\n<div style=\"text-align: center;\"><\/div>\n<div><\/div>\n<div>\n<h5 style=\"text-align: center;\"><b>COURS\u00a0DE\u00a0 NATATION<\/b>:<\/h5>\n<div style=\"text-align: center;\">D\u00e9but le 20 avril 2026,<\/div>\n<div style=\"text-align: center;\">LUNDI\u00a0 19:30,<\/div>\n<div style=\"text-align: center;\">90 MIN. DE\u00a0 COURS, 10 SEMAINES<\/div>\n<\/div>\n<p>&nbsp;[\/vc_column_text][\/vc_column_inner][\/vc_row_inner][\/vc_column][\/vc_row][vc_row][vc_column width=\u00a0\u00bb5\/6&Prime;][vc_column_text]<\/p>\n<h2>CSST &#8211; SAAQ &#8211; ASSURANCES PRIV\u00c9ES<\/h2>\n<p>B\u00e9nificiaires CSST\/SAAQ accept\u00e9s<\/p>\n<p>R\u00e9clamer de votre compagnie d\u2019assurance; traitements en collaboration avec une physioth\u00e9rapeute ayant un num\u00e9ro professionnel.<\/p>\n<p><a href=\"http:\/\/piscine-exercice-readaptation.ca\/wp\/lettre-professionnels-de-la-sante\/\">Informations pour les professionnels de la sant\u00e9<\/a>[\/vc_column_text][\/vc_column][vc_column width=\u00a0\u00bb1\/6&Prime;][\/vc_column][\/vc_row][vc_row][vc_column width=\u00a0\u00bb1\/2&Prime;][vc_column_text]<\/p>\n<h2>8 bonnes raisons de choisir<\/h2>\n<h2>Les services Aqua-Sant\u00e9 Plus!<\/h2>\n<p>[\/vc_column_text]<div class=\"gem-list gem-list-type-check-style-1 gem-list-color-3\"><ul>\n<li>Collaboration d&rsquo;une physioth\u00e9rapeute<\/li>\n<li>Qualit\u00e9 et temp\u00e9rature de l\u2019eau<\/li>\n<li>Bienfaits des exercices en eau chauff\u00e9e \u00e0 92\u00ba F<\/li>\n<li>Effets b\u00e9n\u00e9fiques de l\u2019hydroth\u00e9rapie<\/li>\n<li>Sensation d\u2019apesanteur<\/li>\n<li>Approche globale personnalis\u00e9e<\/li>\n<li>Lieu th\u00e9rapeutique unique et efficace<\/li>\n<li>Pratique libre gratuite<\/li>\n<\/ul>\n<\/div>[\/vc_column][vc_column width=\u00a0\u00bb1\/2&Prime;][vc_column_text]<\/p>\n<blockquote><p>Il n\u2019est pas n\u00e9cessaire de savoir nager, ni de mettre la figure dans l\u2019eau. Vous n&rsquo;\u00eates pas oblig\u00e9 de faire les exercices en profondeur; l&rsquo;approche progressive dans une eau \u00e0 92\u00ba F contribue \u00e0 votre d\u00e9tente, vous procure du plaisir et favorise un sentiment de s\u00e9curit\u00e9.<\/p>\n<p>Nous vous sugg\u00e9rons le port de chaussons anti-d\u00e9rapants dans la piscine.<\/p>\n<p>Faites confiance \u00e0 Mme Lanthier, instructeure de natation depuis plus de 50 ans.<\/p><\/blockquote>\n<p>[\/vc_column_text][\/vc_column][\/vc_row]<\/p>\n","protected":false},"excerpt":{"rendered":"<p>[vc_row][vc_column width=\u00a0\u00bb1\/2&Prime; css=\u00a0\u00bb.vc_custom_1506019856600{background-position: 0 0 !important;background-repeat: no-repeat !important;}\u00a0\u00bb][vc_column_text] Bienvenue sur le site des services Aqua-Sant\u00e9-Plus Les Services Aqua-Sant\u00e9-Plus, situ\u00e9s \u00e0&#8230;<\/p>\n","protected":false},"author":1,"featured_media":0,"parent":0,"menu_order":0,"comment_status":"closed","ping_status":"closed","template":"","meta":{"_monsterinsights_skip_tracking":false,"_monsterinsights_sitenote_active":false,"_monsterinsights_sitenote_note":"","_monsterinsights_sitenote_category":0},"_links":{"self":[{"href":"https:\/\/piscine-exercice-readaptation.ca\/wp\/wp-json\/wp\/v2\/pages\/16"}],"collection":[{"href":"https:\/\/piscine-exercice-readaptation.ca\/wp\/wp-json\/wp\/v2\/pages"}],"about":[{"href":"https:\/\/piscine-exercice-readaptation.ca\/wp\/wp-json\/wp\/v2\/types\/page"}],"author":[{"embeddable":true,"href":"https:\/\/piscine-exercice-readaptation.ca\/wp\/wp-json\/wp\/v2\/users\/1"}],"replies":[{"embeddable":true,"href":"https:\/\/piscine-exercice-readaptation.ca\/wp\/wp-json\/wp\/v2\/comments?post=16"}],"version-history":[{"count":42,"href":"https:\/\/piscine-exercice-readaptation.ca\/wp\/wp-json\/wp\/v2\/pages\/16\/revisions"}],"predecessor-version":[{"id":183,"href":"https:\/\/piscine-exercice-readaptation.ca\/wp\/wp-json\/wp\/v2\/pages\/16\/revisions\/183"}],"wp:attachment":[{"href":"https:\/\/piscine-exercice-readaptation.ca\/wp\/wp-json\/wp\/v2\/media?parent=16"}],"curies":[{"name":"wp","href":"https:\/\/api.w.org\/{rel}","templated":true}]}}